{"id":5454,"date":"2016-02-05T13:51:44","date_gmt":"2016-02-05T13:51:44","guid":{"rendered":"http:\/\/www.iic.uam.es\/en\/?page_id=5454"},"modified":"2016-02-23T14:26:04","modified_gmt":"2016-02-23T14:26:04","slug":"map","status":"publish","type":"page","link":"https:\/\/www.iic.uam.es\/en\/map\/","title":{"rendered":"Web map"},"content":{"rendered":"<ul><li><a href=\"https:\/\/www.iic.uam.es\/en\/big-data\/\">Big Data<\/a>\n<ul class='children'>\n\t<li><a href=\"https:\/\/www.iic.uam.es\/en\/big-data\/descriptive-analytics\/\">Descriptive Analytics<\/a><\/li>\n\t<li><a href=\"https:\/\/www.iic.uam.es\/en\/big-data\/prescriptive-analytics\/\">Prescriptive Analytics<\/a><\/li>\n\t<li><a href=\"https:\/\/www.iic.uam.es\/en\/big-data\/predictive-analytics\/\">Predictive Analytics<\/a>\n\t<ul class='children'>\n\t\t<li><a href=\"https:\/\/www.iic.uam.es\/en\/big-data\/predictive-analytics\/classification\/\">Classification<\/a><\/li>\n\t\t<li><a href=\"https:\/\/www.iic.uam.es\/en\/big-data\/predictive-analytics\/segmentation\/\">Segmentation<\/a><\/li>\n\t\t<li><a href=\"https:\/\/www.iic.uam.es\/en\/big-data\/predictive-analytics\/prediction\/\">Prediction<\/a><\/li>\n\t<\/ul>\n<\/li>\n<\/ul>\n<\/li>\n<li><a href=\"https:\/\/www.iic.uam.es\/en\/big-data-services\/\">Big Data Services<\/a>\n<ul class='children'>\n\t<li><a href=\"https:\/\/www.iic.uam.es\/en\/big-data-services\/hr-environment\/\">HR Environment<\/a>\n\t<ul class='children'>\n\t\t<li><a href=\"https:\/\/www.iic.uam.es\/en\/big-data-services\/hr-environment\/profiles-assessments\/\">Profiles Assessments<\/a><\/li>\n\t\t<li><a href=\"https:\/\/www.iic.uam.es\/en\/big-data-services\/hr-environment\/ecat\/\">eCat<\/a><\/li>\n\t\t<li><a href=\"https:\/\/www.iic.uam.es\/en\/big-data-services\/hr-environment\/programmes-with-universities-en\/\">Programmes with universities<\/a><\/li>\n\t\t<li><a href=\"https:\/\/www.iic.uam.es\/en\/big-data-services\/hr-environment\/aros\/\">AROS<\/a><\/li>\n\t\t<li><a href=\"https:\/\/www.iic.uam.es\/en\/big-data-services\/hr-environment\/earos\/\">eAROS<\/a><\/li>\n\t\t<li><a href=\"https:\/\/www.iic.uam.es\/en\/big-data-services\/hr-environment\/tailored-studies\/\">HR Analytics: Tailored Studies<\/a><\/li>\n\t\t<li><a href=\"https:\/\/www.iic.uam.es\/en\/big-data-services\/hr-environment\/elearning-library\/\">eLearning Library<\/a><\/li>\n\t\t<li><a href=\"https:\/\/www.iic.uam.es\/en\/big-data-services\/hr-environment\/evalue\/\">eValue<\/a><\/li>\n\t\t<li><a href=\"https:\/\/www.iic.uam.es\/en\/big-data-services\/hr-environment\/values-assessment\/\">Podium<\/a><\/li>\n\t\t<li><a href=\"https:\/\/www.iic.uam.es\/en\/big-data-services\/hr-environment\/predictiva-analytics-in-human-resources\/\">Predictiva Analytics in Human Resources<\/a><\/li>\n\t<\/ul>\n<\/li>\n\t<li><a href=\"https:\/\/www.iic.uam.es\/en\/big-data-services\/banking-environment\/\">Banking Environment<\/a>\n\t<ul class='children'>\n\t\t<li><a href=\"https:\/\/www.iic.uam.es\/en\/big-data-services\/banking-environment\/lynx\/\">Lynx: real-time fraud detection product<\/a><\/li>\n\t\t<li><a href=\"https:\/\/www.iic.uam.es\/en\/big-data-services\/banking-environment\/ness\/\">NESS<\/a><\/li>\n\t<\/ul>\n<\/li>\n\t<li><a href=\"https:\/\/www.iic.uam.es\/en\/big-data-services\/healthcare-environment\/\">Healthcare Environment<\/a>\n\t<ul class='children'>\n\t\t<li><a href=\"https:\/\/www.iic.uam.es\/en\/big-data-services\/healthcare-environment\/admire\/\">ADMIRE<\/a><\/li>\n\t\t<li><a href=\"https:\/\/www.iic.uam.es\/en\/big-data-services\/healthcare-environment\/segmentation-of-chronic-patients\/\">Segmentation of Chronic Patients<\/a><\/li>\n\t\t<li><a href=\"https:\/\/www.iic.uam.es\/en\/big-data-services\/healthcare-environment\/digna-en\/\">DIGNA<\/a><\/li>\n\t\t<li><a href=\"https:\/\/www.iic.uam.es\/en\/big-data-services\/healthcare-environment\/analysis-of-frequent-attendance-in-primary-care\/\">Analysis of Frequent Attendance in Primary Care<\/a><\/li>\n\t\t<li><a href=\"https:\/\/www.iic.uam.es\/en\/big-data-services\/healthcare-environment\/healthcare-eldercare-optimization\/\">Healthcare and Eldercare Optimization<\/a><\/li>\n\t\t<li><a href=\"https:\/\/www.iic.uam.es\/en\/big-data-services\/healthcare-environment\/health-data-analysis\/\">Health Data Analysis<\/a><\/li>\n\t<\/ul>\n<\/li>\n\t<li><a href=\"https:\/\/www.iic.uam.es\/en\/big-data-services\/customer-intelligence-environment\/\">Customer Intelligence Environment<\/a>\n\t<ul class='children'>\n\t\t<li><a href=\"https:\/\/www.iic.uam.es\/en\/big-data-services\/customer-intelligence-environment\/cis-en\/\">CIS<\/a><\/li>\n\t<\/ul>\n<\/li>\n\t<li><a href=\"https:\/\/www.iic.uam.es\/en\/big-data-services\/digital-environment\/\">Digital Environment<\/a>\n\t<ul class='children'>\n\t\t<li><a href=\"https:\/\/www.iic.uam.es\/en\/big-data-services\/digital-environment\/market-research-on-social-networks\/\">Market research on Social Networks<\/a><\/li>\n\t\t<li><a href=\"https:\/\/www.iic.uam.es\/en\/big-data-services\/digital-environment\/lynguo-trends-en\/\">Lynguo Trends<\/a><\/li>\n\t\t<li><a href=\"https:\/\/www.iic.uam.es\/en\/big-data-services\/digital-environment\/lynguo-en\/\">Lynguo<\/a>\n\t\t<ul class='children'>\n\t\t\t<li><a href=\"https:\/\/www.iic.uam.es\/en\/big-data-services\/digital-environment\/lynguo-en\/lynguo-features\/\">Lynguo features<\/a><\/li>\n\t\t<\/ul>\n<\/li>\n\t<\/ul>\n<\/li>\n\t<li><a href=\"https:\/\/www.iic.uam.es\/en\/big-data-services\/energy-environment\/\">Energy Environment<\/a>\n\t<ul class='children'>\n\t\t<li><a href=\"https:\/\/www.iic.uam.es\/en\/big-data-services\/energy-environment\/energy-fraud-detection\/\">Energy Fraud Detection<\/a><\/li>\n\t\t<li><a href=\"https:\/\/www.iic.uam.es\/en\/big-data-services\/energy-environment\/kernel-en\/\">Kernel EA2<\/a><\/li>\n\t\t<li><a href=\"https:\/\/www.iic.uam.es\/en\/big-data-services\/energy-environment\/argestes-planner\/\">Argestes Planner<\/a><\/li>\n\t\t<li><a href=\"https:\/\/www.iic.uam.es\/en\/big-data-services\/energy-environment\/demand-forecast-service\/\">Demand Forecast Service<\/a><\/li>\n\t\t<li><a href=\"https:\/\/www.iic.uam.es\/en\/big-data-services\/energy-environment\/prediccion-demanda-energia\/\">Predicci\u00f3n de la demanda de energ\u00eda (ingles)<\/a><\/li>\n\t\t<li><a href=\"https:\/\/www.iic.uam.es\/en\/big-data-services\/energy-environment\/prediccion-de-generacion-de-energia-renovable-ingles\/\">Predicci\u00f3n de generaci\u00f3n de energ\u00eda renovable (ingl\u00e9s)<\/a>\n\t\t<ul class='children'>\n\t\t\t<li><a href=\"https:\/\/www.iic.uam.es\/en\/big-data-services\/energy-environment\/prediccion-de-generacion-de-energia-renovable-ingles\/ea2-en\/\">EA2<\/a><\/li>\n\t\t<\/ul>\n<\/li>\n\t<\/ul>\n<\/li>\n<\/ul>\n<\/li>\n<li><a href=\"https:\/\/www.iic.uam.es\/en\/iic-about\/\">Instituto de Ingenier\u00eda del Conocimiento<\/a>\n<ul class='children'>\n\t<li><a href=\"https:\/\/www.iic.uam.es\/en\/iic-about\/history\/\">History<\/a><\/li>\n\t<li><a href=\"https:\/\/www.iic.uam.es\/en\/iic-about\/who-are-we\/\">Who are we?<\/a><\/li>\n<\/ul>\n<\/li>\n<li><a href=\"https:\/\/www.iic.uam.es\/en\/clients\/\">CLIENTS<\/a><\/li>\n<li><a href=\"https:\/\/www.iic.uam.es\/en\/contact\/\">CONTACT<\/a><\/li>\n<li><a href=\"https:\/\/www.iic.uam.es\/en\/blog\/\">BLOG<\/a><\/li>\n<li><a href=\"https:\/\/www.iic.uam.es\/en\/jobs\/\">Jobs and Internships<\/a>\n<ul class='children'>\n\t<li><a href=\"https:\/\/www.iic.uam.es\/en\/jobs\/offers\/\">Internships Offers<\/a><\/li>\n\t<li><a href=\"https:\/\/www.iic.uam.es\/en\/jobs\/job-offers\/\">Job Offers<\/a><\/li>\n<\/ul>\n<\/li>\n<li><a href=\"https:\/\/www.iic.uam.es\/en\/cookies-policy\/\">Cookies Policy<\/a><\/li>\n<li><a href=\"https:\/\/www.iic.uam.es\/en\/privacy-policy\/\">Privacy Policy<\/a><\/li>\n<li><a href=\"https:\/\/www.iic.uam.es\/en\/general-terms-conditions\/\">General Terms &#038; Conditions<\/a><\/li>\n<li><a href=\"https:\/\/www.iic.uam.es\/en\/research\/\">Research<\/a><\/li>\n<li><a href=\"https:\/\/www.iic.uam.es\/en\/more-information\/\">More information<\/a><\/li>\n<li><a href=\"https:\/\/www.iic.uam.es\/en\/competitive-intelligence-analysis\/\">Competitive Intelligence Analysis<\/a><\/li>\n<li><a href=\"https:\/\/www.iic.uam.es\/en\/influencer-analysis\/\">Influencer Analysis<\/a><\/li>\n<li><a href=\"https:\/\/www.iic.uam.es\/en\/big-data-artificial-inteligence\/\">Big Data &#038; Artificial Inteligence<\/a><\/li>\n<li><a href=\"https:\/\/www.iic.uam.es\/en\/artificial-intelligence\/\">Artificial Intelligence<\/a>\n<ul class='children'>\n\t<li><a href=\"https:\/\/www.iic.uam.es\/en\/artificial-intelligence\/natural-language-processing\/\">Natural Language Processing<\/a>\n\t<ul class='children'>\n\t\t<li><a href=\"https:\/\/www.iic.uam.es\/en\/artificial-intelligence\/natural-language-processing\/sentiment-analysis\/\">Sentiment analysis<\/a><\/li>\n\t<\/ul>\n<\/li>\n\t<li><a href=\"https:\/\/www.iic.uam.es\/en\/artificial-intelligence\/machine-learning-deep-learning\/\">Machine Learning &#038; Deep Learning<\/a><\/li>\n\t<li><a href=\"https:\/\/www.iic.uam.es\/en\/artificial-intelligence\/reinforcement-learning\/\">Reinforcement Learning<\/a><\/li>\n<\/ul>\n<\/li>\n<\/ul>\n","protected":false},"excerpt":{"rendered":"Big Data Descriptive Analytics Prescriptive Analytics Predictive Analytics Classification Segmentation Prediction Big Data Services HR Environment Profiles Assessments eCat Programmes with universities AROS eAROS HR Analytics: Tailored Studies eLearning Library eValue Podium Predictiva Analytics in Human Resources Banking Environment Lynx: real-time fraud detection product NESS Healthcare Environment ADMIRE Segmentation of Chronic Patients DIGNA Analysis of Frequent Attendance in Primary Care Healthcare and Eldercare Optimization Health Data Analysis Customer Intelligence Environment CIS Digital Environment Market research on Social Networks Lynguo Trends Lynguo Lynguo features Energy Environment Energy Fraud Detection Kernel EA2 Argestes Planner Demand Forecast Service Predicci\u00f3n de la demanda de energ\u00eda (ingles) Predicci\u00f3n de generaci\u00f3n de energ\u00eda renovable (ingl\u00e9s) EA2 Instituto de Ingenier\u00eda del Conocimiento History Who are we? CLIENTS CONTACT BLOG Jobs and Internships Internships Offers Job Offers Cookies Policy Privacy Policy General Terms &#038; Conditions Research More information Competitive Intelligence Analysis Influencer Analysis Big Data &#038; Artificial Inteligence Artificial Intelligence Natural Language Processing Sentiment analysis Machine Learning &#038; Deep Learning Reinforcement Learning","protected":false},"author":4,"featured_media":0,"parent":0,"menu_order":0,"comment_status":"closed","ping_status":"closed","template":"","meta":{"footnotes":""},"class_list":["post-5454","page","type-page","status-publish","hentry"],"yoast_head":"<!-- This site is optimized with the Yoast SEO plugin v23.5 - https:\/\/yoast.com\/wordpress\/plugins\/seo\/ -->\n<title>Web map - IIC<\/title>\n<meta name=\"robots\" content=\"index, follow, max-snippet:-1, max-image-preview:large, max-video-preview:-1\" \/>\n<link rel=\"canonical\" href=\"https:\/\/www.iic.uam.es\/en\/map\/\" \/>\n<meta property=\"og:locale\" content=\"en_US\" \/>\n<meta property=\"og:type\" content=\"article\" \/>\n<meta property=\"og:title\" content=\"Web map - IIC\" \/>\n<meta property=\"og:url\" content=\"https:\/\/www.iic.uam.es\/en\/map\/\" \/>\n<meta property=\"og:site_name\" content=\"Instituto de Ingenier\u00eda del Conocimiento\" \/>\n<meta property=\"article:modified_time\" content=\"2016-02-23T14:26:04+00:00\" \/>\n<meta name=\"twitter:card\" content=\"summary_large_image\" \/>\n<meta name=\"twitter:site\" content=\"@iiconocimiento\" \/>\n<script type=\"application\/ld+json\" class=\"yoast-schema-graph\">{\"@context\":\"https:\/\/schema.org\",\"@graph\":[{\"@type\":\"WebPage\",\"@id\":\"https:\/\/www.iic.uam.es\/en\/map\/\",\"url\":\"https:\/\/www.iic.uam.es\/en\/map\/\",\"name\":\"Web map - IIC\",\"isPartOf\":{\"@id\":\"https:\/\/www.iic.uam.es\/#website\"},\"datePublished\":\"2016-02-05T13:51:44+00:00\",\"dateModified\":\"2016-02-23T14:26:04+00:00\",\"breadcrumb\":{\"@id\":\"https:\/\/www.iic.uam.es\/en\/map\/#breadcrumb\"},\"inLanguage\":\"en-US\",\"potentialAction\":[{\"@type\":\"ReadAction\",\"target\":[\"https:\/\/www.iic.uam.es\/en\/map\/\"]}]},{\"@type\":\"BreadcrumbList\",\"@id\":\"https:\/\/www.iic.uam.es\/en\/map\/#breadcrumb\",\"itemListElement\":[{\"@type\":\"ListItem\",\"position\":1,\"name\":\"Portada\",\"item\":\"https:\/\/www.iic.uam.es\/en\/\"},{\"@type\":\"ListItem\",\"position\":2,\"name\":\"Web map\"}]},{\"@type\":\"WebSite\",\"@id\":\"https:\/\/www.iic.uam.es\/#website\",\"url\":\"https:\/\/www.iic.uam.es\/\",\"name\":\"Instituto de Ingenier\u00eda del Conocimiento\",\"description\":\"IIC\",\"publisher\":{\"@id\":\"https:\/\/www.iic.uam.es\/#organization\"},\"potentialAction\":[{\"@type\":\"SearchAction\",\"target\":{\"@type\":\"EntryPoint\",\"urlTemplate\":\"https:\/\/www.iic.uam.es\/?s={search_term_string}\"},\"query-input\":{\"@type\":\"PropertyValueSpecification\",\"valueRequired\":true,\"valueName\":\"search_term_string\"}}],\"inLanguage\":\"en-US\"},{\"@type\":\"Organization\",\"@id\":\"https:\/\/www.iic.uam.es\/#organization\",\"name\":\"Instituto de Ingenier\u00eda del Conocimiento\",\"url\":\"https:\/\/www.iic.uam.es\/\",\"logo\":{\"@type\":\"ImageObject\",\"inLanguage\":\"en-US\",\"@id\":\"https:\/\/www.iic.uam.es\/#\/schema\/logo\/image\/\",\"url\":\"https:\/\/www.iic.uam.es\/wp-content\/uploads\/2017\/12\/IIC_logoP.png\",\"contentUrl\":\"https:\/\/www.iic.uam.es\/wp-content\/uploads\/2017\/12\/IIC_logoP.png\",\"width\":400,\"height\":283,\"caption\":\"Instituto de Ingenier\u00eda del Conocimiento\"},\"image\":{\"@id\":\"https:\/\/www.iic.uam.es\/#\/schema\/logo\/image\/\"},\"sameAs\":[\"https:\/\/x.com\/iiconocimiento\",\"https:\/\/www.linkedin.com\/company\/instituto-de-ingenieria-del-conocimiento-iic\",\"https:\/\/www.youtube.com\/IIConocimiento\",\"https:\/\/es.wikipedia.org\/wiki\/Instituto_de_Ingeniera_del_Conocimiento\"]}]}<\/script>\n<!-- \/ Yoast SEO plugin. -->","yoast_head_json":{"title":"Web map - IIC","robots":{"index":"index","follow":"follow","max-snippet":"max-snippet:-1","max-image-preview":"max-image-preview:large","max-video-preview":"max-video-preview:-1"},"canonical":"https:\/\/www.iic.uam.es\/en\/map\/","og_locale":"en_US","og_type":"article","og_title":"Web map - IIC","og_url":"https:\/\/www.iic.uam.es\/en\/map\/","og_site_name":"Instituto de Ingenier\u00eda del Conocimiento","article_modified_time":"2016-02-23T14:26:04+00:00","twitter_card":"summary_large_image","twitter_site":"@iiconocimiento","schema":{"@context":"https:\/\/schema.org","@graph":[{"@type":"WebPage","@id":"https:\/\/www.iic.uam.es\/en\/map\/","url":"https:\/\/www.iic.uam.es\/en\/map\/","name":"Web map - IIC","isPartOf":{"@id":"https:\/\/www.iic.uam.es\/#website"},"datePublished":"2016-02-05T13:51:44+00:00","dateModified":"2016-02-23T14:26:04+00:00","breadcrumb":{"@id":"https:\/\/www.iic.uam.es\/en\/map\/#breadcrumb"},"inLanguage":"en-US","potentialAction":[{"@type":"ReadAction","target":["https:\/\/www.iic.uam.es\/en\/map\/"]}]},{"@type":"BreadcrumbList","@id":"https:\/\/www.iic.uam.es\/en\/map\/#breadcrumb","itemListElement":[{"@type":"ListItem","position":1,"name":"Portada","item":"https:\/\/www.iic.uam.es\/en\/"},{"@type":"ListItem","position":2,"name":"Web map"}]},{"@type":"WebSite","@id":"https:\/\/www.iic.uam.es\/#website","url":"https:\/\/www.iic.uam.es\/","name":"Instituto de Ingenier\u00eda del Conocimiento","description":"IIC","publisher":{"@id":"https:\/\/www.iic.uam.es\/#organization"},"potentialAction":[{"@type":"SearchAction","target":{"@type":"EntryPoint","urlTemplate":"https:\/\/www.iic.uam.es\/?s={search_term_string}"},"query-input":{"@type":"PropertyValueSpecification","valueRequired":true,"valueName":"search_term_string"}}],"inLanguage":"en-US"},{"@type":"Organization","@id":"https:\/\/www.iic.uam.es\/#organization","name":"Instituto de Ingenier\u00eda del Conocimiento","url":"https:\/\/www.iic.uam.es\/","logo":{"@type":"ImageObject","inLanguage":"en-US","@id":"https:\/\/www.iic.uam.es\/#\/schema\/logo\/image\/","url":"https:\/\/www.iic.uam.es\/wp-content\/uploads\/2017\/12\/IIC_logoP.png","contentUrl":"https:\/\/www.iic.uam.es\/wp-content\/uploads\/2017\/12\/IIC_logoP.png","width":400,"height":283,"caption":"Instituto de Ingenier\u00eda del Conocimiento"},"image":{"@id":"https:\/\/www.iic.uam.es\/#\/schema\/logo\/image\/"},"sameAs":["https:\/\/x.com\/iiconocimiento","https:\/\/www.linkedin.com\/company\/instituto-de-ingenieria-del-conocimiento-iic","https:\/\/www.youtube.com\/IIConocimiento","https:\/\/es.wikipedia.org\/wiki\/Instituto_de_Ingeniera_del_Conocimiento"]}]}},"_links":{"self":[{"href":"https:\/\/www.iic.uam.es\/en\/wp-json\/wp\/v2\/pages\/5454"}],"collection":[{"href":"https:\/\/www.iic.uam.es\/en\/wp-json\/wp\/v2\/pages"}],"about":[{"href":"https:\/\/www.iic.uam.es\/en\/wp-json\/wp\/v2\/types\/page"}],"author":[{"embeddable":true,"href":"https:\/\/www.iic.uam.es\/en\/wp-json\/wp\/v2\/users\/4"}],"replies":[{"embeddable":true,"href":"https:\/\/www.iic.uam.es\/en\/wp-json\/wp\/v2\/comments?post=5454"}],"version-history":[{"count":0,"href":"https:\/\/www.iic.uam.es\/en\/wp-json\/wp\/v2\/pages\/5454\/revisions"}],"wp:attachment":[{"href":"https:\/\/www.iic.uam.es\/en\/wp-json\/wp\/v2\/media?parent=5454"}],"curies":[{"name":"wp","href":"https:\/\/api.w.org\/{rel}","templated":true}]}}